{"id":890,"date":"2015-12-17T15:48:36","date_gmt":"2015-12-17T14:48:36","guid":{"rendered":"http:\/\/www.tanzzentrumhiltrup.de\/?page_id=890"},"modified":"2016-06-06T09:32:58","modified_gmt":"2016-06-06T08:32:58","slug":"tanzveranstaltung","status":"publish","type":"page","link":"https:\/\/www.tanzzentrumhiltrup.de\/?page_id=890","title":{"rendered":"Tanzveranstaltung"},"content":{"rendered":"<p><strong>Die Veranstaltung\u00a0 &#8220; W\u00fcstenwind &#8220;\u00a0 ist hervorragend gelaufen .<br \/>\n<\/strong><\/p>\n<p>Allgemeine Gesch\u00e4ftsbedingungen<\/p>\n<p>der Juniortanzcompany e.V.<\/p>\n<p>f\u00fcr den Online-Kauf von Eintrittskarten<\/p>\n<p>&nbsp;<\/p>\n<p><strong>1.Vertragsgegenstand und Vertragsabschluss<\/strong><\/p>\n<p>1.1. Das Angebot f\u00fcr einen Vertragsabschluss geht vom Teilnehmer aus, sobald er diese AGB akzeptiert und den Button \u201cJetzt bezahlen\/bestellen\u201c angeklickt hat(oder das Geld \u00fcberwiesen hat).<\/p>\n<p>1.2. Der Teilnehmer sichert zu, dass er im Zeitpunkt der Registrierung vollj\u00e4hrig ist, wenn es sich bei ihm um eine juristische oder nat\u00fcrliche Person handelt.<\/p>\n<p>1.3. Nach Vertragsabschluss erh\u00e4lt der Teilnehmer eine Best\u00e4tigungs-E-Mail. Der Teilnehmer ist verpflichtet, der Juniortanzcompany Flics e.V. zu unterrichten, wenn er diese Best\u00e4tigungs-E-Mail nicht oder nicht rechtzeitig erhalten hat.<\/p>\n<p>1.4. Die Juniortanzcompany Flics e.V. ist berechtigt, eine Bestellung des Teilnehmers, zu stornieren (einseitiges R\u00fccktrittsrecht), wenn aufgrund technischer Probleme vorhandene Kontingente \u00fcberschritten wurden. Die Erkl\u00e4rung der Stornierung\/des R\u00fccktritts kann auch konkludent durch Gutschrift der gezahlten Betr\u00e4ge erfolgen. \u00a7 350 BGB findet keine Anwendung.<\/p>\n<p><strong>2.Zahlung und Lieferung<\/strong><\/p>\n<p>2.1. Zahlung per Vorkasse-\u00dcberweisung<\/p>\n<p>2.2. Die Eintrittskarten k\u00f6nnen nur in der Ballettschule TanzZentrum Hiltrup, am Roggenkamp 180,48167 M\u00fcnster abgeholt werden.<\/p>\n<p><strong>3.Umtausch<\/strong><\/p>\n<p>Ein Umtausch von Eintrittskarten ist ausgeschlossen.<\/p>\n<p><strong>4.Einlass<\/strong><\/p>\n<p>Der Einlass in eine Veranstaltung ist nur mit einem g\u00fcltigen Ticket m\u00f6glich. Die Vorlage einer Bestellbest\u00e4tigung oder einer Rechnung reicht hierf\u00fcr nicht aus, es sei denn, es ist ausdr\u00fccklich etwas anderes angeben oder vereinbart.<\/p>\n<p><strong>5.Widerrufs-und R\u00fcckgaberecht<\/strong><\/p>\n<p>Soweit die Juniortanzcompany e.V. Veranstaltungen aus dem Bereich der Freizeitveranstaltungen anbietet, insbesondere Eintrittskarten f\u00fcr Veranstaltungen, liegt gem\u00e4\u00df \u00a7312g Abs.2 Satz 1 Nr.9 BGB kein sog. Fernabsatzvertrag im Sinne von \u00a7312b BGB vor. Dies bedeutet, dass das f\u00fcr sog. Fernabsatzvertr\u00e4ge gesetzliche vorgesehene zweiw\u00f6chige Widerrufs- und R\u00fcckgaberecht des Kunden durch eine gesetzliche Ausnahme ausgeschlossen ist. Jede Bestellung von Eintrittskarten ist damit unmittelbar nach Best\u00e4tigung durch die Juniortanzcompany Flics e.V. bindend und verpflichtet zur Abnahme und unverz\u00fcglichen Bezahlung der bestellten Karten. Kann bei einer Bestellung mit Zahlungsart Vorkasse ein Zahlungseingang nicht innerhalb von 5 Arbeitstagen vermerkt werden, ist die Juniortanzcompany Flics e.V. berechtigt, aber nicht verpflichtet, vom Vertrag zur\u00fcckzutreten und die Bestellung zu stornieren.<\/p>\n","protected":false},"excerpt":{"rendered":"<p>Die Veranstaltung\u00a0 &#8220; W\u00fcstenwind &#8220;\u00a0 ist hervorragend gelaufen . Allgemeine Gesch\u00e4ftsbedingungen der Juniortanzcompany e.V. f\u00fcr den Online-Kauf von Eintrittskarten &nbsp; 1.Vertragsgegenstand und Vertragsabschluss 1.1. Das Angebot f\u00fcr einen Vertragsabschluss geht vom Teilnehmer aus, sobald er diese AGB akzeptiert und den &hellip; <a href=\"https:\/\/www.tanzzentrumhiltrup.de\/?page_id=890\">Weiterlesen <span class=\"meta-nav\">&rarr;<\/span><\/a><\/p>\n","protected":false},"author":1,"featured_media":0,"parent":526,"menu_order":0,"comment_status":"closed","ping_status":"closed","template":"sidebar-page.php","meta":{"ngg_post_thumbnail":0,"footnotes":""},"class_list":["post-890","page","type-page","status-publish","hentry"],"_links":{"self":[{"href":"https:\/\/www.tanzzentrumhiltrup.de\/index.php?rest_route=\/wp\/v2\/pages\/890","targetHints":{"allow":["GET"]}}],"collection":[{"href":"https:\/\/www.tanzzentrumhiltrup.de\/index.php?rest_route=\/wp\/v2\/pages"}],"about":[{"href":"https:\/\/www.tanzzentrumhiltrup.de\/index.php?rest_route=\/wp\/v2\/types\/page"}],"author":[{"embeddable":true,"href":"https:\/\/www.tanzzentrumhiltrup.de\/index.php?rest_route=\/wp\/v2\/users\/1"}],"replies":[{"embeddable":true,"href":"https:\/\/www.tanzzentrumhiltrup.de\/index.php?rest_route=%2Fwp%2Fv2%2Fcomments&post=890"}],"version-history":[{"count":9,"href":"https:\/\/www.tanzzentrumhiltrup.de\/index.php?rest_route=\/wp\/v2\/pages\/890\/revisions"}],"predecessor-version":[{"id":1095,"href":"https:\/\/www.tanzzentrumhiltrup.de\/index.php?rest_route=\/wp\/v2\/pages\/890\/revisions\/1095"}],"up":[{"embeddable":true,"href":"https:\/\/www.tanzzentrumhiltrup.de\/index.php?rest_route=\/wp\/v2\/pages\/526"}],"wp:attachment":[{"href":"https:\/\/www.tanzzentrumhiltrup.de\/index.php?rest_route=%2Fwp%2Fv2%2Fmedia&parent=890"}],"curies":[{"name":"wp","href":"https:\/\/api.w.org\/{rel}","templated":true}]}}