{"id":63,"date":"2013-05-10T10:58:10","date_gmt":"2013-05-10T08:58:10","guid":{"rendered":"http:\/\/www.tanzzentrumhiltrup.de\/?page_id=63"},"modified":"2022-02-23T19:09:21","modified_gmt":"2022-02-23T18:09:21","slug":"programm","status":"publish","type":"page","link":"https:\/\/www.tanzzentrumhiltrup.de\/?page_id=63","title":{"rendered":"Programm"},"content":{"rendered":"<p><a href=\"http:\/\/www.tanzzentrumhiltrup.de\/wp-content\/uploads\/2018\/10\/Kooperation_KVG_A5_klapp.jpg\"><img loading=\"lazy\" decoding=\"async\" class=\"alignnone size-full wp-image-1871\" src=\"http:\/\/www.tanzzentrumhiltrup.de\/wp-content\/uploads\/2018\/10\/Kooperation_KVG_A5_klapp.jpg\" alt=\"\" width=\"1165\" height=\"826\" srcset=\"https:\/\/www.tanzzentrumhiltrup.de\/wp-content\/uploads\/2018\/10\/Kooperation_KVG_A5_klapp.jpg 1165w, https:\/\/www.tanzzentrumhiltrup.de\/wp-content\/uploads\/2018\/10\/Kooperation_KVG_A5_klapp-300x213.jpg 300w, https:\/\/www.tanzzentrumhiltrup.de\/wp-content\/uploads\/2018\/10\/Kooperation_KVG_A5_klapp-768x545.jpg 768w, https:\/\/www.tanzzentrumhiltrup.de\/wp-content\/uploads\/2018\/10\/Kooperation_KVG_A5_klapp-1024x726.jpg 1024w, https:\/\/www.tanzzentrumhiltrup.de\/wp-content\/uploads\/2018\/10\/Kooperation_KVG_A5_klapp-423x300.jpg 423w\" sizes=\"auto, (max-width: 1165px) 100vw, 1165px\" \/><\/a><\/p>\n<p><strong>NEU ! Ab Sommer 2019- Baustein Tanz-Am Kardinal von Galen Gymnasium Hiltrup<\/strong><\/p>\n<p><a href=\"http:\/\/www.tanzzentrumhiltrup.de\/wp-content\/uploads\/2018\/10\/Kooperation_KVG_A5_klapp-2.pdf\">Flyer Tanz als Baustein am KVG Hiltrup<\/a><\/p>\n<p><strong>&nbsp;T\u00e4nzerische Fr\u00fchf\u00f6rderung Mausgruppen I-III ( 4-6 Jahre )&nbsp; &nbsp;<a href=\"http:\/\/www.tanzzentrumhiltrup.de\/wp-content\/uploads\/2013\/05\/Mausgruppe.jpg\"><img loading=\"lazy\" decoding=\"async\" class=\"alignnone size-medium wp-image-210\" src=\"http:\/\/www.tanzzentrumhiltrup.de\/wp-content\/uploads\/2013\/05\/Mausgruppe-300x200.jpg\" alt=\"Mausgruppe\" width=\"300\" height=\"200\" srcset=\"https:\/\/www.tanzzentrumhiltrup.de\/wp-content\/uploads\/2013\/05\/Mausgruppe-300x200.jpg 300w, https:\/\/www.tanzzentrumhiltrup.de\/wp-content\/uploads\/2013\/05\/Mausgruppe.jpg 448w\" sizes=\"auto, (max-width: 300px) 100vw, 300px\" \/><\/a><\/strong><\/p>\n<ul>\n<li>spielerische Schulung der Bewegungskoordination<\/li>\n<li>Musikalit\u00e4t<\/li>\n<li>Haltung und K\u00f6rperbewu\u00dftsein<\/li>\n<li>erste Schrittkombinationen<\/li>\n<li>Raum f\u00fcr Kreativit\u00e4t und Fantasie<\/li>\n<li>vielf\u00e4ltige Bewegungsformen erleben<\/li>\n<\/ul>\n<p><strong>Orientierungklasse ab 7 Jahre &nbsp; &nbsp; &nbsp; &nbsp; &nbsp; &nbsp; &nbsp; &nbsp; &nbsp; &nbsp; &nbsp; &nbsp; &nbsp; &nbsp; &nbsp;&nbsp;<a href=\"http:\/\/www.tanzzentrumhiltrup.de\/wp-content\/uploads\/2013\/05\/O-Klasse.jpg\"><img loading=\"lazy\" decoding=\"async\" class=\"alignnone size-medium wp-image-209\" src=\"http:\/\/www.tanzzentrumhiltrup.de\/wp-content\/uploads\/2013\/05\/O-Klasse-300x200.jpg\" alt=\"O-Klasse\" width=\"300\" height=\"200\" srcset=\"https:\/\/www.tanzzentrumhiltrup.de\/wp-content\/uploads\/2013\/05\/O-Klasse-300x200.jpg 300w, https:\/\/www.tanzzentrumhiltrup.de\/wp-content\/uploads\/2013\/05\/O-Klasse.jpg 448w\" sizes=\"auto, (max-width: 300px) 100vw, 300px\" \/><\/a><\/strong><\/p>\n<ul>\n<li>vorbereitender Unterricht f\u00fcr die F\u00e4cher Klassisches Ballett und Jazztanz<\/li>\n<li>erste \u00dcbungen an der Stange<\/li>\n<li>Folkloreschritte<\/li>\n<li>Jazztanzelemente<\/li>\n<\/ul>\n<p><strong>Klassisches Ballett ab 8 Jahre&nbsp;<\/strong><\/p>\n<p><a href=\"http:\/\/www.tanzzentrumhiltrup.de\/wp-content\/uploads\/2013\/05\/469.jpg\"><img loading=\"lazy\" decoding=\"async\" class=\"alignnone size-medium wp-image-200\" src=\"http:\/\/www.tanzzentrumhiltrup.de\/wp-content\/uploads\/2013\/05\/469-300x118.jpg\" alt=\"469\" width=\"300\" height=\"118\" srcset=\"https:\/\/www.tanzzentrumhiltrup.de\/wp-content\/uploads\/2013\/05\/469-300x118.jpg 300w, https:\/\/www.tanzzentrumhiltrup.de\/wp-content\/uploads\/2013\/05\/469-1024x404.jpg 1024w, https:\/\/www.tanzzentrumhiltrup.de\/wp-content\/uploads\/2013\/05\/469-500x197.jpg 500w\" sizes=\"auto, (max-width: 300px) 100vw, 300px\" \/><\/a><\/p>\n<ul>\n<li>\u00dcbungen an der Stange \/ Barre und im Raum \/ Center<\/li>\n<li>optimale Schulung von Haltung, K\u00f6rpergef\u00fchl und Musikalit\u00e4t<\/li>\n<\/ul>\n<p><strong>Jazztanz ab 8 Jahre &nbsp; &nbsp;<\/strong><\/p>\n<p><strong> &nbsp;<\/strong> <a href=\"http:\/\/www.tanzzentrumhiltrup.de\/wp-content\/uploads\/2013\/05\/662.jpg\"><img loading=\"lazy\" decoding=\"async\" class=\"alignnone size-medium wp-image-202\" src=\"http:\/\/www.tanzzentrumhiltrup.de\/wp-content\/uploads\/2013\/05\/662-300x200.jpg\" alt=\"662\" width=\"300\" height=\"200\" srcset=\"https:\/\/www.tanzzentrumhiltrup.de\/wp-content\/uploads\/2013\/05\/662-300x200.jpg 300w, https:\/\/www.tanzzentrumhiltrup.de\/wp-content\/uploads\/2013\/05\/662-1024x682.jpg 1024w, https:\/\/www.tanzzentrumhiltrup.de\/wp-content\/uploads\/2013\/05\/662-450x300.jpg 450w\" sizes=\"auto, (max-width: 300px) 100vw, 300px\" \/><\/a><\/p>\n<ul>\n<li>vielseitige Bewegungselemente aus dem Jazztanz<\/li>\n<li>Choreografien zu aktueller Musik<strong> &nbsp; &nbsp; &nbsp; &nbsp; &nbsp; &nbsp;&nbsp;<\/strong><\/li>\n<\/ul>\n<p><strong>Moderner Tanz ab 9 Jahre<\/strong><\/p>\n<p><a href=\"https:\/\/www.tanzzentrumhiltrup.de\/wp-content\/uploads\/2022\/02\/modernerntanz_03.jpg\"><img loading=\"lazy\" decoding=\"async\" class=\"alignnone size-medium wp-image-2952\" src=\"https:\/\/www.tanzzentrumhiltrup.de\/wp-content\/uploads\/2022\/02\/modernerntanz_03-300x169.jpg\" alt=\"\" width=\"300\" height=\"169\" srcset=\"https:\/\/www.tanzzentrumhiltrup.de\/wp-content\/uploads\/2022\/02\/modernerntanz_03-300x169.jpg 300w, https:\/\/www.tanzzentrumhiltrup.de\/wp-content\/uploads\/2022\/02\/modernerntanz_03-1024x576.jpg 1024w, https:\/\/www.tanzzentrumhiltrup.de\/wp-content\/uploads\/2022\/02\/modernerntanz_03-768x432.jpg 768w, https:\/\/www.tanzzentrumhiltrup.de\/wp-content\/uploads\/2022\/02\/modernerntanz_03-500x281.jpg 500w, https:\/\/www.tanzzentrumhiltrup.de\/wp-content\/uploads\/2022\/02\/modernerntanz_03.jpg 1400w\" sizes=\"auto, (max-width: 300px) 100vw, 300px\" \/><\/a> <a href=\"https:\/\/www.tanzzentrumhiltrup.de\/wp-content\/uploads\/2022\/02\/modernerntanz_02.jpg\"><img loading=\"lazy\" decoding=\"async\" class=\"alignnone size-medium wp-image-2953\" src=\"https:\/\/www.tanzzentrumhiltrup.de\/wp-content\/uploads\/2022\/02\/modernerntanz_02-300x169.jpg\" alt=\"\" width=\"300\" height=\"169\" srcset=\"https:\/\/www.tanzzentrumhiltrup.de\/wp-content\/uploads\/2022\/02\/modernerntanz_02-300x169.jpg 300w, https:\/\/www.tanzzentrumhiltrup.de\/wp-content\/uploads\/2022\/02\/modernerntanz_02-1024x576.jpg 1024w, https:\/\/www.tanzzentrumhiltrup.de\/wp-content\/uploads\/2022\/02\/modernerntanz_02-768x432.jpg 768w, https:\/\/www.tanzzentrumhiltrup.de\/wp-content\/uploads\/2022\/02\/modernerntanz_02-500x281.jpg 500w, https:\/\/www.tanzzentrumhiltrup.de\/wp-content\/uploads\/2022\/02\/modernerntanz_02.jpg 1400w\" sizes=\"auto, (max-width: 300px) 100vw, 300px\" \/><\/a><\/p>\n<ul>\n<li>besonders vielf\u00e4ltige Ausdrucksm\u00f6glichkeiten<\/li>\n<li>t\u00e4nzerische Bewegungen werden durch den Atem unterst\u00fctzt<\/li>\n<li>Dynamik ist durch Schwungelemente gepr\u00e4gt<\/li>\n<\/ul>\n<p>&nbsp;<\/p>\n<p><strong>F\u00f6rder- und Leistungsprogramme f\u00fcr Kinder ab 8 Jahre<\/strong> <strong> mit den Bausteinen<\/strong><\/p>\n<p><a href=\"http:\/\/www.tanzzentrumhiltrup.de\/wp-content\/uploads\/2013\/05\/76.jpg\"><img loading=\"lazy\" decoding=\"async\" class=\"alignnone size-medium wp-image-270\" src=\"http:\/\/www.tanzzentrumhiltrup.de\/wp-content\/uploads\/2013\/05\/76-300x200.jpg\" alt=\"76\" width=\"300\" height=\"200\" srcset=\"https:\/\/www.tanzzentrumhiltrup.de\/wp-content\/uploads\/2013\/05\/76-300x200.jpg 300w, https:\/\/www.tanzzentrumhiltrup.de\/wp-content\/uploads\/2013\/05\/76-449x300.jpg 449w, https:\/\/www.tanzzentrumhiltrup.de\/wp-content\/uploads\/2013\/05\/76.jpg 673w\" sizes=\"auto, (max-width: 300px) 100vw, 300px\" \/><\/a><\/p>\n<ul>\n<li>Klassisches Ballett nach der Waganowa Methode<\/li>\n<li>Jazztanz<\/li>\n<li>Moderner Tanz ab 9 Jahre<\/li>\n<li>Der w\u00f6chentliche Unterricht umfasst 3 x 60 Minuten.<\/li>\n<li>Die Bausteine sind frei w\u00e4hlbar.<\/li>\n<\/ul>\n<p><strong>F\u00f6rder- und Leistungsprogramme f\u00fcr Jugendliche<\/strong> <strong> ab 11 Jahre mit den Bausteinen<\/strong><\/p>\n<p><a href=\"http:\/\/www.tanzzentrumhiltrup.de\/wp-content\/uploads\/2013\/05\/44.jpg\"><img loading=\"lazy\" decoding=\"async\" class=\"size-medium wp-image-271 alignleft\" src=\"http:\/\/www.tanzzentrumhiltrup.de\/wp-content\/uploads\/2013\/05\/44-300x200.jpg\" alt=\"44\" width=\"300\" height=\"200\" srcset=\"https:\/\/www.tanzzentrumhiltrup.de\/wp-content\/uploads\/2013\/05\/44-300x200.jpg 300w, https:\/\/www.tanzzentrumhiltrup.de\/wp-content\/uploads\/2013\/05\/44-449x300.jpg 449w, https:\/\/www.tanzzentrumhiltrup.de\/wp-content\/uploads\/2013\/05\/44.jpg 673w\" sizes=\"auto, (max-width: 300px) 100vw, 300px\" \/><\/a><\/p>\n<div id=\"attachment_614\" style=\"width: 173px\" class=\"wp-caption alignright\"><a href=\"http:\/\/www.tanzzentrumhiltrup.de\/wp-content\/uploads\/2013\/05\/Bein-in-T\u00fcrzarge.jpeg\"><img loading=\"lazy\" decoding=\"async\" aria-describedby=\"caption-attachment-614\" class=\"size-medium wp-image-614\" src=\"http:\/\/www.tanzzentrumhiltrup.de\/wp-content\/uploads\/2013\/05\/Bein-in-T\u00fcrzarge-163x300.jpeg\" alt=\"Talente finden f\u00f6rdern und ausbilden\" width=\"163\" height=\"300\" srcset=\"https:\/\/www.tanzzentrumhiltrup.de\/wp-content\/uploads\/2013\/05\/Bein-in-T\u00fcrzarge-163x300.jpeg 163w, https:\/\/www.tanzzentrumhiltrup.de\/wp-content\/uploads\/2013\/05\/Bein-in-T\u00fcrzarge.jpeg 555w\" sizes=\"auto, (max-width: 163px) 100vw, 163px\" \/><\/a><p id=\"caption-attachment-614\" class=\"wp-caption-text\">Talente finden f\u00f6rdern und ausbilden<\/p><\/div>\n<ul>\n<li>Klassisches Ballett \/ Spitzentraining<\/li>\n<li>Jazztanz<\/li>\n<li>Moderner Tanz<\/li>\n<li>Der w\u00f6chentliche Unterricht umfasst 255 Minuten.<\/li>\n<li>Die Bausteine sind nicht frei w\u00e4hlbar.<\/li>\n<li>Die F\u00f6rderprogramme k\u00f6nnen auf professionelle Unterrichtskonzepte vorbereiten.<\/li>\n<\/ul>\n<p><strong>Junior &#8211; Tanzcompany FLICS &nbsp;e.V.<\/strong><\/p>\n<p><a href=\"http:\/\/www.tanzzentrumhiltrup.de\/wp-content\/uploads\/2013\/05\/flics.jpg\"><img loading=\"lazy\" decoding=\"async\" class=\"alignnone size-medium wp-image-363\" src=\"http:\/\/www.tanzzentrumhiltrup.de\/wp-content\/uploads\/2013\/05\/flics-300x151.jpg\" alt=\"flics\" width=\"300\" height=\"151\" srcset=\"https:\/\/www.tanzzentrumhiltrup.de\/wp-content\/uploads\/2013\/05\/flics-300x151.jpg 300w, https:\/\/www.tanzzentrumhiltrup.de\/wp-content\/uploads\/2013\/05\/flics-500x253.jpg 500w, https:\/\/www.tanzzentrumhiltrup.de\/wp-content\/uploads\/2013\/05\/flics.jpg 640w\" sizes=\"auto, (max-width: 300px) 100vw, 300px\" \/><\/a><\/p>\n<ul>\n<li>Tanzbegeisterte Kinder ab 10 Jahren, die am F\u00f6rderprogramm des TanzZentrums Hiltrup teilnehmen,werden 1x w\u00f6chentlich besonders gef\u00f6rdert. Es werden spezielle Choreographien f\u00fcr sp\u00e4tere Auftritte vorbereitet.<\/li>\n<li>Company Leitung : Sandra Landwehr<\/li>\n<\/ul>\n<p>&nbsp;<\/p>\n<p><strong>Das Gesamtprogramm des TanzZentrum Hiltrup bietet<\/strong> <strong> nat\u00fcrlich auch Kurse im Erwachsenenbereich an.<\/strong><\/p>\n<ul>\n<li>Klassisches Ballett<\/li>\n<li>Jazztanz<\/li>\n<li>Moderner Tanz<\/li>\n<li>Feldenkrais<\/li>\n<li>Pilates<\/li>\n<\/ul>\n","protected":false},"excerpt":{"rendered":"<p>NEU ! Ab Sommer 2019- Baustein Tanz-Am Kardinal von Galen Gymnasium Hiltrup Flyer Tanz als Baustein am KVG Hiltrup &nbsp;T\u00e4nzerische Fr\u00fchf\u00f6rderung Mausgruppen I-III ( 4-6 Jahre )&nbsp; &nbsp; spielerische Schulung der Bewegungskoordination Musikalit\u00e4t Haltung und K\u00f6rperbewu\u00dftsein erste Schrittkombinationen Raum f\u00fcr &hellip; <a href=\"https:\/\/www.tanzzentrumhiltrup.de\/?page_id=63\">Weiterlesen <span class=\"meta-nav\">&rarr;<\/span><\/a><\/p>\n","protected":false},"author":3,"featured_media":0,"parent":0,"menu_order":0,"comment_status":"closed","ping_status":"closed","template":"sidebar-page.php","meta":{"ngg_post_thumbnail":0,"footnotes":""},"class_list":["post-63","page","type-page","status-publish","hentry"],"_links":{"self":[{"href":"https:\/\/www.tanzzentrumhiltrup.de\/index.php?rest_route=\/wp\/v2\/pages\/63","targetHints":{"allow":["GET"]}}],"collection":[{"href":"https:\/\/www.tanzzentrumhiltrup.de\/index.php?rest_route=\/wp\/v2\/pages"}],"about":[{"href":"https:\/\/www.tanzzentrumhiltrup.de\/index.php?rest_route=\/wp\/v2\/types\/page"}],"author":[{"embeddable":true,"href":"https:\/\/www.tanzzentrumhiltrup.de\/index.php?rest_route=\/wp\/v2\/users\/3"}],"replies":[{"embeddable":true,"href":"https:\/\/www.tanzzentrumhiltrup.de\/index.php?rest_route=%2Fwp%2Fv2%2Fcomments&post=63"}],"version-history":[{"count":35,"href":"https:\/\/www.tanzzentrumhiltrup.de\/index.php?rest_route=\/wp\/v2\/pages\/63\/revisions"}],"predecessor-version":[{"id":3009,"href":"https:\/\/www.tanzzentrumhiltrup.de\/index.php?rest_route=\/wp\/v2\/pages\/63\/revisions\/3009"}],"wp:attachment":[{"href":"https:\/\/www.tanzzentrumhiltrup.de\/index.php?rest_route=%2Fwp%2Fv2%2Fmedia&parent=63"}],"curies":[{"name":"wp","href":"https:\/\/api.w.org\/{rel}","templated":true}]}}