{"id":526,"date":"2014-11-26T11:04:20","date_gmt":"2014-11-26T10:04:20","guid":{"rendered":"http:\/\/www.tanzzentrumhiltrup.de\/?page_id=526"},"modified":"2020-09-23T12:37:56","modified_gmt":"2020-09-23T11:37:56","slug":"flics-e-v","status":"publish","type":"page","link":"https:\/\/www.tanzzentrumhiltrup.de\/?page_id=526","title":{"rendered":"Flics e.V."},"content":{"rendered":"<p><a title=\"Fotos Tanzst\u00fcck Tanz-Palette\" href=\"http:\/\/www.tanzzentrumhiltrup.de\/?page_id=779\"><img loading=\"lazy\" decoding=\"async\" class=\"alignnone size-medium wp-image-537\" src=\"http:\/\/www.tanzzentrumhiltrup.de\/wp-content\/uploads\/2014\/11\/flics_2-300x69.png\" alt=\"flics_2\" width=\"300\" height=\"69\" srcset=\"https:\/\/www.tanzzentrumhiltrup.de\/wp-content\/uploads\/2014\/11\/flics_2-300x69.png 300w, https:\/\/www.tanzzentrumhiltrup.de\/wp-content\/uploads\/2014\/11\/flics_2.png 319w\" sizes=\"auto, (max-width: 300px) 100vw, 300px\" \/><\/a><\/p>\n<p><a href=\"http:\/\/www.tanzzentrumhiltrup.de\/wp-content\/uploads\/2019\/05\/WM-Ticket-Mai-2019.jpg\"><img loading=\"lazy\" decoding=\"async\" class=\"alignnone size-full wp-image-2050\" src=\"http:\/\/www.tanzzentrumhiltrup.de\/wp-content\/uploads\/2019\/05\/WM-Ticket-Mai-2019.jpg\" alt=\"\" width=\"2173\" height=\"2633\" srcset=\"https:\/\/www.tanzzentrumhiltrup.de\/wp-content\/uploads\/2019\/05\/WM-Ticket-Mai-2019.jpg 2173w, https:\/\/www.tanzzentrumhiltrup.de\/wp-content\/uploads\/2019\/05\/WM-Ticket-Mai-2019-248x300.jpg 248w, https:\/\/www.tanzzentrumhiltrup.de\/wp-content\/uploads\/2019\/05\/WM-Ticket-Mai-2019-768x931.jpg 768w, https:\/\/www.tanzzentrumhiltrup.de\/wp-content\/uploads\/2019\/05\/WM-Ticket-Mai-2019-845x1024.jpg 845w\" sizes=\"auto, (max-width: 2173px) 100vw, 2173px\" \/><\/a><\/p>\n<p>https:\/\/www.wn.de\/Muenster\/Stadtteile\/Hiltrup\/3768332-Kindertanz-Company-Flics-Tickets-fuer-WM-gesichert<\/p>\n<p>Tag der Ehre &#8211; Jubil\u00e4umsmatinee 2018<\/p>\n<p>Am Samstag, den 16. Juni wurden 4 au\u00dferordentliche Pers\u00f6nlichkeiten im Rahmen der Jubil\u00e4umsmatinee Tage der Ehre der Juniortanzcompany Flics e.V. geehrt.<br \/>\nDas Helferm\u00fctterteam begleitet die Flics seit 3 Jahren kontinuierlich zu nationalen und internationalen Ballettwettbewerben, u.a. Dance World Cup Jersey, Offenburg und diese Woche nach Barcelona. Bei Auftritten im Theater M\u00fcnster unterst\u00fctzen sie die jungen T\u00e4nzer hinter den Kulissen.<br \/>\nOhne ihr au\u00dferordentliches Engagement w\u00e4ren die Fahrten zu den Wettk\u00e4mpfen, die oft mit Flugreisen verbunden sind nicht m\u00f6glich. Auf der Matinee hatten wir nun endlich die Chance, einmal \u00f6ffentlich dieses Helferm\u00fctterteam in den Mittelpunkt zu r\u00fccken und dem Puplikum vorzustellen.<\/p>\n<p><a href=\"http:\/\/www.tanzzentrumhiltrup.de\/wp-content\/uploads\/2018\/06\/DSCF0698.jpg\"><img loading=\"lazy\" decoding=\"async\" class=\"alignnone size-full wp-image-1771\" src=\"http:\/\/www.tanzzentrumhiltrup.de\/wp-content\/uploads\/2018\/06\/DSCF0698.jpg\" alt=\"\" width=\"1500\" height=\"699\" srcset=\"https:\/\/www.tanzzentrumhiltrup.de\/wp-content\/uploads\/2018\/06\/DSCF0698.jpg 1500w, https:\/\/www.tanzzentrumhiltrup.de\/wp-content\/uploads\/2018\/06\/DSCF0698-300x140.jpg 300w, https:\/\/www.tanzzentrumhiltrup.de\/wp-content\/uploads\/2018\/06\/DSCF0698-768x358.jpg 768w, https:\/\/www.tanzzentrumhiltrup.de\/wp-content\/uploads\/2018\/06\/DSCF0698-1024x477.jpg 1024w, https:\/\/www.tanzzentrumhiltrup.de\/wp-content\/uploads\/2018\/06\/DSCF0698-500x233.jpg 500w\" sizes=\"auto, (max-width: 1500px) 100vw, 1500px\" \/><\/a><\/p>\n<div id=\"attachment_1772\" style=\"width: 1510px\" class=\"wp-caption alignleft\"><a href=\"http:\/\/www.tanzzentrumhiltrup.de\/wp-content\/uploads\/2018\/06\/DSCF0718.jpg\"><img loading=\"lazy\" decoding=\"async\" aria-describedby=\"caption-attachment-1772\" class=\"wp-image-1772 size-full\" src=\"http:\/\/www.tanzzentrumhiltrup.de\/wp-content\/uploads\/2018\/06\/DSCF0718.jpg\" alt=\"\" width=\"1500\" height=\"730\" srcset=\"https:\/\/www.tanzzentrumhiltrup.de\/wp-content\/uploads\/2018\/06\/DSCF0718.jpg 1500w, https:\/\/www.tanzzentrumhiltrup.de\/wp-content\/uploads\/2018\/06\/DSCF0718-300x146.jpg 300w, https:\/\/www.tanzzentrumhiltrup.de\/wp-content\/uploads\/2018\/06\/DSCF0718-768x374.jpg 768w, https:\/\/www.tanzzentrumhiltrup.de\/wp-content\/uploads\/2018\/06\/DSCF0718-1024x498.jpg 1024w, https:\/\/www.tanzzentrumhiltrup.de\/wp-content\/uploads\/2018\/06\/DSCF0718-500x243.jpg 500w\" sizes=\"auto, (max-width: 1500px) 100vw, 1500px\" \/><\/a><p id=\"caption-attachment-1772\" class=\"wp-caption-text\">Barbara Eckardt, Tina Wolff, Ina Ondereyck, Silke Beitz<\/p><\/div>\n<p><a title=\"Fotos Tanzst\u00fcck Tanz-Palette\" href=\"http:\/\/www.tanzzentrumhiltrup.de\/?page_id=779\">Hier die Fotos vom Tanzst\u00fcck &nbsp;Tanz &#8211; Palette &nbsp;April 2015 !<\/a><\/p>\n<p><a title=\"Tanz \u2013 Palette \u2013 Probe\" href=\"http:\/\/www.tanzzentrumhiltrup.de\/?page_id=579\">Hier die ersten Probenfotos !<\/a><\/p>\n<p>Der gemeinn\u00fctzige Verein Juniortanzcompany Flics e.V. wurde 2014 gegr\u00fcndet.Zweck des Vereins ist die F\u00f6rderung des k\u00fcnstlerischen B\u00fchnentanzes,es werden besonders begabte Kinder und Jugendliche durch choreografisches Arbeiten ,spezielle Trainingseinheiten, individuelle Kleingruppenstrukturen,Talentschwerpunktf\u00f6rderung durch Talentsichtung, in den Bereichen klass.Ballett , Moderner-und Jazztanz gef\u00f6rdert.<\/p>\n<p>Die <strong>aktive<\/strong> Mitgliedschaft bietet M\u00f6glichkeiten wie z.B. die Teilnahme an nationalen\/ internationalenTanzwettbewerben,<br \/>\nUnterrichtshospitationen,Vorbereitung auf die Aufnahmepr\u00fcfungen an Hochschulen f\u00fcr Tanz.<br \/>\nDie <strong>passive<\/strong> Mitgliedschaft im Verein erm\u00f6glicht die kostenlose Teilnahme an Tanzauff\u00fchrungen mit Sitzplatzreservierungen.<br \/>\nDurch Mitgliedsbeitr\u00e4ge und Spenden ist es m\u00f6glich,einzigartige Tanzprojekte zu f\u00f6rdern und soziale Hilfe zu leisten.<code>&nbsp;<\/code><\/p>\n<p><strong>Die Juniortanzcompany Flics e.V. freut sich \u00fcber Spenden.F\u00fcr Spenden erhalten Sie eine Spendenquittung.<\/strong><\/p>\n<p>Spendenkonto:<br \/>\nVolksbank M\u00fcnsterland Nord eG<br \/>\nIBAN: DE 70 4036 1906 1070 1513 00<br \/>\nBIC: GENODEM1IBB<\/p>\n<p><a href=\"http:\/\/www.tanzzentrumhiltrup.de\/wp-content\/uploads\/2019\/12\/Satzung-Flics-e.V.-DEZ2018.pdf\">Satzung Flics e.V. DEZ2018<\/a><\/p>\n<p><a href=\"http:\/\/www.tanzzentrumhiltrup.de\/wp-content\/uploads\/2014\/11\/Mitgliedschaft-2.pdf\">Mitgliedschaft<\/a><\/p>\n<p><a href=\"http:\/\/www.tanzzentrumhiltrup.de\/wp-content\/uploads\/2018\/05\/Einwilligung-Datenverarbeitung-Juniortanzcompany-Flics-e.V.pdf\">Einwilligung Datenverarbeitung Juniortanzcompany Flics e.V<\/a><\/p>\n<p><a href=\"http:\/\/www.tanzzentrumhiltrup.de\/wp-content\/uploads\/2018\/05\/Datenschutzverordnung-Juniortanzcompany-Flics-e.V-2.pdf\">Datenschutzverordnung Juniortanzcompany Flics e.V<\/a><\/p>\n<p><a href=\"http:\/\/www.tanzzentrumhiltrup.de\/wp-content\/uploads\/2018\/05\/Datenschutzinformationspflicht-Juniortanzcompany-Flics-e.V.pdf\">Datenschutzinformationspflicht Juniortanzcompany Flics e.V<\/a><\/p>\n<p>Kontakt:<br \/>\nJuniortanzcompany Flics e.V.<br \/>\nPostadresse:<br \/>\nc\/o Tanzzentrum Hiltrup<br \/>\nAm Roggenkamp 180<br \/>\n48165 M\u00fcnster<br \/>\nEmail: flics-ev@tanzzentrumhiltrup.de<br \/>\n1.Vorsitzende &#8211; Sandra Landwehr &nbsp;2. Vorsitzende &#8211; Steffi Feuerborn<\/p>\n<p>&nbsp;<\/p>\n","protected":false},"excerpt":{"rendered":"<p>https:\/\/www.wn.de\/Muenster\/Stadtteile\/Hiltrup\/3768332-Kindertanz-Company-Flics-Tickets-fuer-WM-gesichert Tag der Ehre &#8211; Jubil\u00e4umsmatinee 2018 Am Samstag, den 16. Juni wurden 4 au\u00dferordentliche Pers\u00f6nlichkeiten im Rahmen der Jubil\u00e4umsmatinee Tage der Ehre der Juniortanzcompany Flics e.V. geehrt. Das Helferm\u00fctterteam begleitet die Flics seit 3 Jahren kontinuierlich zu nationalen und &hellip; <a href=\"https:\/\/www.tanzzentrumhiltrup.de\/?page_id=526\">Weiterlesen <span class=\"meta-nav\">&rarr;<\/span><\/a><\/p>\n","protected":false},"author":1,"featured_media":0,"parent":0,"menu_order":0,"comment_status":"closed","ping_status":"closed","template":"","meta":{"ngg_post_thumbnail":0,"footnotes":""},"class_list":["post-526","page","type-page","status-publish","hentry"],"_links":{"self":[{"href":"https:\/\/www.tanzzentrumhiltrup.de\/index.php?rest_route=\/wp\/v2\/pages\/526","targetHints":{"allow":["GET"]}}],"collection":[{"href":"https:\/\/www.tanzzentrumhiltrup.de\/index.php?rest_route=\/wp\/v2\/pages"}],"about":[{"href":"https:\/\/www.tanzzentrumhiltrup.de\/index.php?rest_route=\/wp\/v2\/types\/page"}],"author":[{"embeddable":true,"href":"https:\/\/www.tanzzentrumhiltrup.de\/index.php?rest_route=\/wp\/v2\/users\/1"}],"replies":[{"embeddable":true,"href":"https:\/\/www.tanzzentrumhiltrup.de\/index.php?rest_route=%2Fwp%2Fv2%2Fcomments&post=526"}],"version-history":[{"count":56,"href":"https:\/\/www.tanzzentrumhiltrup.de\/index.php?rest_route=\/wp\/v2\/pages\/526\/revisions"}],"predecessor-version":[{"id":3351,"href":"https:\/\/www.tanzzentrumhiltrup.de\/index.php?rest_route=\/wp\/v2\/pages\/526\/revisions\/3351"}],"wp:attachment":[{"href":"https:\/\/www.tanzzentrumhiltrup.de\/index.php?rest_route=%2Fwp%2Fv2%2Fmedia&parent=526"}],"curies":[{"name":"wp","href":"https:\/\/api.w.org\/{rel}","templated":true}]}}