{"id":124,"date":"2013-05-13T16:39:31","date_gmt":"2013-05-13T14:39:31","guid":{"rendered":"http:\/\/www.tanzzentrumhiltrup.de\/?page_id=124"},"modified":"2022-02-23T19:10:41","modified_gmt":"2022-02-23T18:10:41","slug":"presse-2","status":"publish","type":"page","link":"https:\/\/www.tanzzentrumhiltrup.de\/?page_id=124","title":{"rendered":"Presse"},"content":{"rendered":"<p><strong>F\u00fcnf Jahre Tanzsportzentrum Hiltrup <\/strong><\/p>\n<p><strong>Tanzkunst vom Feinsten <\/strong><\/p>\n<p><a href=\"http:\/\/www.tanzzentrumhiltrup.de\/wp-content\/uploads\/2018\/06\/WN-Bericht-Simon-Kerkhoff.jpg\"><img loading=\"lazy\" decoding=\"async\" class=\"alignnone size-full wp-image-1779\" src=\"http:\/\/www.tanzzentrumhiltrup.de\/wp-content\/uploads\/2018\/06\/WN-Bericht-Simon-Kerkhoff.jpg\" alt=\"\" width=\"5892\" height=\"3928\" srcset=\"https:\/\/www.tanzzentrumhiltrup.de\/wp-content\/uploads\/2018\/06\/WN-Bericht-Simon-Kerkhoff.jpg 5892w, https:\/\/www.tanzzentrumhiltrup.de\/wp-content\/uploads\/2018\/06\/WN-Bericht-Simon-Kerkhoff-300x200.jpg 300w, https:\/\/www.tanzzentrumhiltrup.de\/wp-content\/uploads\/2018\/06\/WN-Bericht-Simon-Kerkhoff-768x512.jpg 768w, https:\/\/www.tanzzentrumhiltrup.de\/wp-content\/uploads\/2018\/06\/WN-Bericht-Simon-Kerkhoff-1024x683.jpg 1024w, https:\/\/www.tanzzentrumhiltrup.de\/wp-content\/uploads\/2018\/06\/WN-Bericht-Simon-Kerkhoff-450x300.jpg 450w\" sizes=\"auto, (max-width: 5892px) 100vw, 5892px\" \/><\/a><\/p>\n<p>M\u00fcnster-Hiltrup &#8211; Westf\u00e4lische Nachrichten Bericht 18.6.2018, Bild: Simon Kerkhoff<\/p>\n<p>\u201eUnser gr\u00f6\u00dfter Wunsch ist es, eine Kooperation mit einer Grundschule und einem Gymnasium auf die Beine zu stellen\u201c, erkl\u00e4rte Sandra Landwehr, die Gr\u00fcnderin des Tanzsportzentrums Hiltrup am Rande der Matinee in der Stadthalle.<\/p>\n<p>Von Simon Kerkhoff<\/p>\n<p>Sonntag, 17.06.2018, 16:15 Uhr<\/p>\n<p>Die einen h\u00fcpften wie Fr\u00f6sche, die andere schwebten wie ein Luftballon voller Leichtigkeit \u00fcber die B\u00fchne. Samstag und Sonntag feierte das Tanzzentrum Hiltrup zu seinem f\u00fcnfj\u00e4hrigen Bestehen eine gro\u00dfe Jubil\u00e4umsmatinee in der Stadthalle. \u00dcber die beiden Tage verteilt str\u00f6mten insgesamt 750 Menschen zu den Tanzauff\u00fchrungen.<\/p>\n<p>&nbsp;<\/p>\n<p>\u201eWir alle waren die ganze Woche schon voller Vorfreude. Es ist wundersch\u00f6n, von den Vierj\u00e4hrigen bis zu unseren Profit\u00e4nzerinnen alle zusammen auftreten zu sehen\u201c, sagte <a href=\"http:\/\/www.wn.de\/Schlagwoerter\/%28etype%29\/person\/%28entity%29\/Sandra%20Landwehr\">Sandra Landwehr<\/a>, die Gr\u00fcnderin der Tanzschule. Unter der Anleitung von Landwehr und der Trainerin Svetlana Robos tanzen in der Hiltruper Schule \u00fcber 270 Kinder und Jugendliche in 54 Kursen pro Woche.<\/p>\n<p>Aufgrund der Mixtur aus klassischen und Jazzt\u00e4nzen, sowie den Auftritten der \u201eMausgruppen\u201c aus t\u00e4nzerischen Fr\u00fcherziehung konnten sich die vielen Eltern, Freunde und Verwandte in der Stadthalle \u00fcber ein sehr vielseitiges Programm freuen. Viele zeigten sich besonders beeindruckt von der schnellen Entwicklung einiger Nachwuchsasse. Zwischen dem Einstieg ins Tanztraining als Vierj\u00e4hrige und dem Aufstieg in Leistungsklassen mit t\u00e4glichem Training liegen oft nur wenige Jahre und eine enorme t\u00e4nzerische Verbesserung.<\/p>\n<p>Auch in diesem Jahr fahren wieder einige der Nachwuchst\u00e4nzerinnen zum World Dance Cup und gehen ab dem kommenden Wochenende in Barcelona f\u00fcr das deutsche Team in Wettbewerben mit \u00fcber 45 weiteren Nationen an den Start. Laut Landwehr k\u00f6nne man mit etwas Gl\u00fcck sogar auf einige vordere Platzierungen f\u00fcr die jungen Hiltruper auf der internationalen B\u00fchne hoffen.<\/p>\n<p>Mit der Generalprobe f\u00fcr den World Dance Cup verfolgte die Tanzschule mit der Matinee zugleich einen weiteren Hintergedanken: Denn neben dem Bezirksb\u00fcrgermeister Joachim Schmidt waren auch einige Vertreter der nahe gelegenen Schulen vor Ort. \u201eUnser gr\u00f6\u00dfter Wunsch ist es, eine Kooperation mit einer Grundschule und einem Gymnasium auf die Beine zu stellen. Ballett ist Tanzkunst vom Feinsten und verdient mehr gesellschaftliche Anerkennung und Unterst\u00fctzung\u201c, erkl\u00e4rte Landwehr.<\/p>\n<div id=\"attachment_1300\" style=\"width: 310px\" class=\"wp-caption alignleft\"><a href=\"http:\/\/www.tanzzentrumhiltrup.de\/wp-content\/uploads\/2013\/05\/Tanzzentrum-Hiltrup-Fuenfmal-Spitzenklasse_image_630_420f_wn.jpg\"><img loading=\"lazy\" decoding=\"async\" aria-describedby=\"caption-attachment-1300\" class=\"size-medium wp-image-1300\" src=\"http:\/\/www.tanzzentrumhiltrup.de\/wp-content\/uploads\/2013\/05\/Tanzzentrum-Hiltrup-Fuenfmal-Spitzenklasse_image_630_420f_wn-300x200.jpg\" alt=\"\" width=\"300\" height=\"200\" srcset=\"https:\/\/www.tanzzentrumhiltrup.de\/wp-content\/uploads\/2013\/05\/Tanzzentrum-Hiltrup-Fuenfmal-Spitzenklasse_image_630_420f_wn-300x200.jpg 300w, https:\/\/www.tanzzentrumhiltrup.de\/wp-content\/uploads\/2013\/05\/Tanzzentrum-Hiltrup-Fuenfmal-Spitzenklasse_image_630_420f_wn-450x300.jpg 450w, https:\/\/www.tanzzentrumhiltrup.de\/wp-content\/uploads\/2013\/05\/Tanzzentrum-Hiltrup-Fuenfmal-Spitzenklasse_image_630_420f_wn.jpg 630w\" sizes=\"auto, (max-width: 300px) 100vw, 300px\" \/><\/a><p id=\"caption-attachment-1300\" class=\"wp-caption-text\">Maria-Eva Overmann erh\u00e4lt die Auszeichnung als Jahrgangsbeste von Lisa Pavlov (r.) vom Badischen Staatstheater. Bewertet wurden Koordination und Rhythmusgef\u00fchl sowie Disziplin, Flei\u00df und die Auffassungsgabe der T\u00e4nzerinnen. Foto: jsp M\u00fcnster-Hiltrup &#8211; 24.1.2017 Westf\u00e4lische Nachrichten<\/p><\/div>\n<p>Maria-Eva Overmann ist die beste T\u00e4nzerin ihrer Leistungsklasse. F\u00fcnfmal Spitzenklasse gab es jetzt im Tanzsportzentrum Hiltrup am Roggenkamp.<\/p>\n<p>Von Jonas Schulze Pals<\/p>\n<p>Maria-Eva Overmann konnte ihr Gl\u00fcck kaum fassen. Damit hatte sie nun wirklich nicht gerechnet. Doch als Sandra Landwehr von Tanzzentrum Hiltrup ihr die \u00fcbergro\u00dfe, silberne Ballettt\u00e4nzerin samt Rose und Zeugnis \u00fcberreichte, bestand kein Zweifel mehr: Sie ist die beste T\u00e4nzerin ihrer Leistungsklasse . \u00dcberw\u00e4ltigt von ihrem Erfolg, kullerten sogar ein paar Tr\u00e4nen \u00fcber ihre Wangen. Denn es handelte sich ja nicht nur um irgendeine Pr\u00fcfung.<\/p>\n<p>\u201eF\u00fcr diesen Termin haben wir ein halbes Jahr mit den Kindern trainiert\u201c, erz\u00e4hlt Sandra Landwehr. Die unabh\u00e4ngige Jury ist dabei schon fast traditionell hochkar\u00e4tig besetzt. Bereits zum zweiten Mal gelang es dem Tanzzentrum Lisa Pavlov vom Badischen Staatstheater und Svetlana Robos, eine ehemalige Solistin vom Staatsballett Berlin, f\u00fcr die Bewertung der klassischen Ballettpr\u00fcfung zu gewinnen.<\/p>\n<p>Die T\u00e4nzerinnen wurden in zw\u00f6lf Einzelkategorien benotet, aus denen sich schlie\u00dflich eine Gesamtnote errechnete. Nicht nur Koordination und Rhythmusgef\u00fchl sollten dabei auf den Pr\u00fcfstand gestellt werden, auch Disziplin, Flei\u00df und die Auffassungsgabe der kleinen Ballerinen flossen in die Bewertung ein. Die harte Arbeit der T\u00e4nzerinnen zahlte sich aus: Niemand fiel durch und die meisten Noten pendelten sich im guten Zweierbereich ein. Mit vier, nein f\u00fcnf herausragenden Ausnahmen. Denn in einer Leistungsklasse konnten sich die beiden Jurymitglieder einfach nicht auf eine Jahrgangsbeste einigen. Kurzerhand wurde die Auszeichnung an zwei T\u00e4nzerinnen vergeben.<\/p>\n<p>Mit einem Problem: Sandra Landwehr hatte im Vorhinein nur vier der silbernen Auszeichnungen bestellt. \u201eDa werde ich wohl noch einmal aktiv werden m\u00fcssen\u201c, sagte sie mit einem fr\u00f6hlichen L\u00e4cheln auf den Lippen. Alina Beitz und Michelle Beitenger schien der fehlende Preis aber gar nicht viel auszumachen. Lachend lagen sich die Beiden sich gl\u00fccklich in den Armen. Was gibt es auch sch\u00f6neres, als gemeinsam Erfolge zu feiern?<\/p>\n<p class=\"place\">Der Dance Word Cup wurde am Samstag mit dem Wettbewerb \u201eDance Impact\u201c er\u00f6ffnet. Hier messen sich die T\u00e4nzer aus vielen der 38 Nationen auf der B\u00fchne des Jersey Opera Houses.<\/p>\n<p>\u00dcber 3000 Ballett- und Jazzt\u00e4nzer aus 33 Nationen bev\u00f6lkern seit dem Wochenende die englische Kanalinsel Jersey. Mit dabei: Eine Delegation aus den Tanzzentrum Hiltrup \/ Juniortanzcompany Flics e.V. unterst\u00fctzt das deutsche Team.<\/p>\n<p>Silbermedaille f\u00fcr das \u201eTeam Germany\u201c.<\/p>\n<p><a href=\"http:\/\/www.wn.de\/Muenster\/Stadtteile\/Hiltrup\/2434418-Tolle-Erfolge-beim-Dance-World-Cup-Emma-Schmitz-holt-Silber-in-Jersey\">http:\/\/www.wn.de\/Muenster\/Stadtteile\/Hiltrup\/2434418-Tolle-Erfolge-beim-Dance-World-Cup-Emma-Schmitz-holt-Silber-in-Jersey<\/a><\/p>\n<p>M\u00fcnsterische Zeitung<\/p>\n<p>Ausgezeichnete \u201eFlics\u201c beim Tanzspektrum im Theater<br \/>\nDisziplinierte Piraten<\/p>\n<p>&#8230;Ist die Katze aus dem Haus, tanzen die M\u00e4use auf dem Tisch \u2013 so die Redensart. Die M\u00e4dchen der Juniortanzcompany \u201eFlics\u201c imitierten in der Tat niedliche M\u00e4use, als sie \u00fcber die B\u00fchne des Kleinen Hauses wuselten. Aber das war nur ein Programmpunkt von vielen. Die talentierten T\u00e4nzerinnen &#8230; Rauschenden Applaus erhielten die Elevinnen der Juniortanzcompany \u201eFlics\u201c im Theater M\u00fcnster. &#8230; 35 Elevinnen von \u201eFlics\u201c im Alter von acht bis 17 Jahren wurden im Theater mit rauschendem Applaus und Bravos belohnt. &#8230; Ausgezeichnete \u201eFlics\u201c beim Tanzspektrum im Theater&#8230;<br \/>\n100% &#8211; \/Lokales\/Staedte\/Muenster\/2321319&#8230;-im-Theater-Disziplinierte-Piraten<\/p>\n<p>M\u00fcnsterische Zeitung<\/p>\n<p>23. Tanzfestival vereinigt elf Compagnien mit vielschichtigen Choreografien im Gro\u00dfen Haus<br \/>\nElegant, dynamisch und sch\u00f6n<\/p>\n<p>&#8230; Lebenshilfe \u201eSchrittwechsel\u201c behandelte mit \u201eGrenzen\u201c ein ernstes Thema, das mehr denn je bewegt. Michelle Breitenger von der Juniortanzcompany Flics pr\u00e4sentierte ein klassisches Kindersolo; das Ensemble \u00fcberzeugte durch ein kraftvolles St\u00fcck mit dem treffenden Titel \u201eEnergie\u201c. Die Rebel Dance Company bewies &#8230; Die Juniortanzcompany \u201eFlics\u201c pr\u00e4sentierte sich kraftvoll mit dem St\u00fcck \u201eEnergie\u201c&#8230;.<br \/>\n100% &#8211; \/Lokales\/Staedte\/Muenster\/2205484&#8230;-Haus-Elegant-dynamisch-und-schoen<\/p>\n<p>M\u00fcnsterische Zeitung<\/p>\n<p>Tanzfestival M\u00fcnster<br \/>\nChoreographien wie Kunstwerke<\/p>\n<p>&#8230;\u201c, ist den Opfern der Katastrophe von Fukushima gewidmet. Nach Musik aus dem Film \u201ePiano\u201c tanzt Lisa Breuker \u2013 ehemalige Sch\u00fclerin der Ballettschule, die heute beim Staatsballett Berlin engagiert ist. \u25ba\u2009Flics: Erstmals stellt sich die Juniortanzcompany beim Tanzfestival mit der Gewinner-Choreographie vom &#8230; Das Tanzfestival M\u00fcnster zeigt das Leistungs- und Kreativit\u00e4tsspektrum der Ballett-Szene in M\u00fcnster. Beim 23. Mal treten die Companys in folgender Reihenfolge auf: Schrittwechsel, Sattler, Tenbrock, Tanzlabor und Pandoursky sowie nach der Pause Carmen und L\u00f3pez, Rebel, Orosz, Flics, Sievert und&#8230;<br \/>\n100% &#8211; \/Lokales\/Staedte\/Muenster\/2194793&#8230;ster-Choreographien-wie-Kunstwerke<\/p>\n<p>M\u00fcnsterische Zeitung<\/p>\n<p>Juniortanzcompany Flics beeindruckt mit \u201eTanz-Palette\u201c<br \/>\nStehende Ovationen<\/p>\n<p>&#8230;Gerade mal 22 Sch\u00fclerinnen bilden die Juniortanzcompagnie Flics, tanzbegeisterte M\u00e4dchen zwischen 11 und 16 Jahren, die im Tanzzentrum Hiltrup durch Auftritte und Wettbewerbe besonders gef\u00f6rdert werden. Im Rahmen von Tanzspektrum haben sie im m\u00e4\u00dfig gef\u00fcllten Kleinen Haus mit ihrer \u201eTanz &#8230; Juniortanzcompany Flics beeindruckt mit \u201eTanz-Palette\u201c&#8230;<br \/>\n100% &#8211; \/Lokales\/Staedte\/Muenster\/2108001&#8230;it-Tanz-Palette-Stehende-Ovationen<\/p>\n<p>M\u00fcnsterische Zeitung<\/p>\n<p>16. Show des Sports<br \/>\nVielfalt an Attraktionen<\/p>\n<p>&#8230;-Tanzcompany Flics aus dem Tanzzentrum Hiltrup, die aus ihrer Mitte heraus die zw\u00f6lfj\u00e4hrige Michelle zu einem Ballettsolo entlie\u00dfen, bis hin zu den Seniorent\u00e4nzerinnen der Residenz M\u00fcnster. Auch von Gegens\u00e4tzen lebt die Show des Sports, schlie\u00dflich gibt es in M\u00fcnster allerhand zum Mitmachen. Schon halbprofessionell&#8230;<br \/>\n100% &#8211; \/Sport\/Lokalsport\/Muenster\/216826&#8230;es-Sports-Vielfalt-an-Attraktionen<\/p>\n<p>M\u00fcnsterische Zeitung -Moritz &nbsp;Mein Hobby<\/p>\n<p><a href=\"http:\/\/www.tanzzentrumhiltrup.de\/wp-content\/uploads\/2013\/05\/Medienhaus-Lensing_E-Paper-Ausgabe_MZ-Muenster-West_Mittwoch-27-August-2014.pdf\">Medienhaus Lensing_E-Paper-Ausgabe_MZ Muenster West_Mittwoch, 27 August 2014<\/a><\/p>\n<p>Auftritt &#8222;Fr\u00fchlingsfl\u00fcgler&#8220;- ein voller Erfolg !<\/p>\n<p><a href=\"http:\/\/www.muensterschezeitung.de\/bilder\/muenster\/cme158951,4577393\">Fotostrecke Muenstersche Zeitung<\/a><\/p>\n<p><a href=\"http:\/\/www.tanzzentrumhiltrup.de\/wp-content\/uploads\/2013\/05\/ueZ_13_03_2013a1.pdf\">Tag der offenen T\u00fcr &#8211; M\u00fcnsterische Zeitung<\/a><\/p>\n<p><a href=\"http:\/\/www.wn.de\/Fotos\/Sport\/Muenster\/Show-des-Sports-2013#1\">Link1<\/a><\/p>\n<p><a href=\"http:\/\/www.muensterschezeitung.de\/lokales\/muenster\/sport\/Dankeschoen-des-Stadtsportbunds-Applaus-in-alle-Richtungen-bei-der-Show-des-Sports;art1004,2183763\">Danke Sch\u00f6n<\/a><\/p>\n<p>&nbsp;<\/p>\n","protected":false},"excerpt":{"rendered":"<p>F\u00fcnf Jahre Tanzsportzentrum Hiltrup Tanzkunst vom Feinsten M\u00fcnster-Hiltrup &#8211; Westf\u00e4lische Nachrichten Bericht 18.6.2018, Bild: Simon Kerkhoff \u201eUnser gr\u00f6\u00dfter Wunsch ist es, eine Kooperation mit einer Grundschule und einem Gymnasium auf die Beine zu stellen\u201c, erkl\u00e4rte Sandra Landwehr, die Gr\u00fcnderin des &hellip; <a href=\"https:\/\/www.tanzzentrumhiltrup.de\/?page_id=124\">Weiterlesen <span class=\"meta-nav\">&rarr;<\/span><\/a><\/p>\n","protected":false},"author":3,"featured_media":0,"parent":0,"menu_order":0,"comment_status":"closed","ping_status":"closed","template":"sidebar-page.php","meta":{"ngg_post_thumbnail":0,"footnotes":""},"class_list":["post-124","page","type-page","status-publish","hentry"],"_links":{"self":[{"href":"https:\/\/www.tanzzentrumhiltrup.de\/index.php?rest_route=\/wp\/v2\/pages\/124","targetHints":{"allow":["GET"]}}],"collection":[{"href":"https:\/\/www.tanzzentrumhiltrup.de\/index.php?rest_route=\/wp\/v2\/pages"}],"about":[{"href":"https:\/\/www.tanzzentrumhiltrup.de\/index.php?rest_route=\/wp\/v2\/types\/page"}],"author":[{"embeddable":true,"href":"https:\/\/www.tanzzentrumhiltrup.de\/index.php?rest_route=\/wp\/v2\/users\/3"}],"replies":[{"embeddable":true,"href":"https:\/\/www.tanzzentrumhiltrup.de\/index.php?rest_route=%2Fwp%2Fv2%2Fcomments&post=124"}],"version-history":[{"count":18,"href":"https:\/\/www.tanzzentrumhiltrup.de\/index.php?rest_route=\/wp\/v2\/pages\/124\/revisions"}],"predecessor-version":[{"id":3010,"href":"https:\/\/www.tanzzentrumhiltrup.de\/index.php?rest_route=\/wp\/v2\/pages\/124\/revisions\/3010"}],"wp:attachment":[{"href":"https:\/\/www.tanzzentrumhiltrup.de\/index.php?rest_route=%2Fwp%2Fv2%2Fmedia&parent=124"}],"curies":[{"name":"wp","href":"https:\/\/api.w.org\/{rel}","templated":true}]}}